{"id":4516,"date":"2020-02-20T16:37:36","date_gmt":"2020-02-20T15:37:36","guid":{"rendered":"https:\/\/agria-group.com.tn\/?page_id=4516"},"modified":"2023-07-11T11:29:37","modified_gmt":"2023-07-11T11:29:37","slug":"npk-et-organo-minireaux","status":"publish","type":"page","link":"https:\/\/agria-group.com.tn\/en\/npk-et-organo-minireaux\/","title":{"rendered":"NPK and organo-minerals"},"content":{"rendered":"<section class=\"wpb-content-wrapper\"><div class=\"vc_row wpb_row vc_row-fluid\"><div class=\"wpb_column vc_column_container vc_col-sm-12\"><div class=\"vc_column-inner\"><div class=\"wpb_wrapper\">\n<div class=\"vc_grid-container-wrapper vc_clearfix vc_grid-animation-fadeIn\">\n\t<div class=\"vc_grid-container vc_clearfix wpb_content_element vc_basic_grid\" data-initial-loading-animation=\"fadeIn\" data-vc-grid-settings=\"{&quot;page_id&quot;:4516,&quot;style&quot;:&quot;all&quot;,&quot;action&quot;:&quot;vc_get_vc_grid_data&quot;,&quot;shortcode_id&quot;:&quot;1594717859343-51f17dc082256ae77abed5689f508252-3&quot;,&quot;tag&quot;:&quot;vc_basic_grid&quot;}\" data-vc-request=\"https:\/\/agria-group.com.tn\/wp-admin\/admin-ajax.php\" data-vc-post-id=\"4516\" data-vc-public-nonce=\"e0db41b151\">\n\t\t<style data-type=\"vc_shortcodes-custom-css\">.vc_custom_1594467059891{border-top-width: 1px !important;border-right-width: 1px !important;border-bottom-width: 1px !important;border-left-width: 1px !important;border-left-color: #82ab1c !important;border-left-style: solid !important;border-right-color: #82ab1c !important;border-right-style: solid !important;border-top-color: #82ab1c !important;border-top-style: solid !important;border-bottom-color: #82ab1c !important;border-bottom-style: solid !important;border-radius: 1px !important;}<\/style><div class=\"vc_grid vc_row vc_grid-gutter-15px vc_pageable-wrapper vc_hook_hover\" data-vc-pageable-content=\"true\"><div class=\"vc_pageable-slide-wrapper vc_clearfix\" data-vc-grid-content=\"true\"><div class=\"vc_grid-item vc_clearfix vc_col-sm-2 vc_grid-item-zone-c-bottom\"><div class=\"vc_grid-item-mini vc_clearfix  vc_custom_1594467059891\"><div class=\"vc_gitem-animated-block\" ><div class=\"vc_gitem-zone vc_gitem-zone-a vc_gitem-is-link\" style=\"background-image: url('https:\/\/agria-group.com.tn\/wp-content\/uploads\/2023\/07\/PHOTO-SITE-potagrosse-_Plan-de-travail-1-251x300.png') !important;\"><a href=\"https:\/\/agria-group.com.tn\/en\/potagrosse\/\" title=\"Potagrosse\" class=\"vc_gitem-link vc-zone-link\" ><\/a><img src=\"https:\/\/agria-group.com.tn\/wp-content\/uploads\/2023\/07\/PHOTO-SITE-potagrosse-_Plan-de-travail-1-251x300.png\" class=\"vc_gitem-zone-img\" alt=\"Potagrosse\"><div class=\"vc_gitem-zone-mini\"><\/div><\/div><\/div><div class=\"vc_gitem-zone vc_gitem-zone-c\"><div class=\"vc_gitem-zone-mini\"><div class=\"vc_gitem_row vc_row vc_gitem-row-position-top\"><div class=\"vc_col-sm-12 vc_gitem-col vc_gitem-col-align-\"><div class=\"vc_custom_heading vc_gitem-post-data vc_gitem-post-data-source-post_title\" ><h5 style=\"font-size: 17px;color: #5e5e5e;text-align: center;font-family:Roboto;font-weight:400;font-style:normal\" >Potagrosse<\/h5><\/div><div class=\"vc_btn3-container vc_btn3-center\"><a class=\"vc_general vc_btn3 vc_btn3-size-xs vc_btn3-shape-round vc_btn3-style-flat vc_btn3-color-green\" a href=\"https:\/\/agria-group.com.tn\/en\/potagrosse\/\" title=\"See details\" onclick=\"onclick=&quot;self.location.href=&#039;\/\/b633900\/Partage\/A classer&#039;&quot;\">See details<\/a><\/div><\/div><\/div><\/div><\/div><\/div><div class=\"vc_clearfix\"><\/div><\/div><div class=\"vc_grid-item vc_clearfix vc_col-sm-2 vc_grid-item-zone-c-bottom\"><div class=\"vc_grid-item-mini vc_clearfix  vc_custom_1594467059891\"><div class=\"vc_gitem-animated-block\" ><div class=\"vc_gitem-zone vc_gitem-zone-a vc_gitem-is-link\" style=\"background-image: url('https:\/\/agria-group.com.tn\/wp-content\/uploads\/2020\/07\/potassium@2x-251x300.png') !important;\"><a href=\"https:\/\/agria-group.com.tn\/en\/potassium-ts-500\/\" title=\"Potassium TS 500\" class=\"vc_gitem-link vc-zone-link\" ><\/a><img src=\"https:\/\/agria-group.com.tn\/wp-content\/uploads\/2020\/07\/potassium@2x-251x300.png\" class=\"vc_gitem-zone-img\" alt=\"Potassium TS 500\"><div class=\"vc_gitem-zone-mini\"><\/div><\/div><\/div><div class=\"vc_gitem-zone vc_gitem-zone-c\"><div class=\"vc_gitem-zone-mini\"><div class=\"vc_gitem_row vc_row vc_gitem-row-position-top\"><div class=\"vc_col-sm-12 vc_gitem-col vc_gitem-col-align-\"><div class=\"vc_custom_heading vc_gitem-post-data vc_gitem-post-data-source-post_title\" ><h5 style=\"font-size: 17px;color: #5e5e5e;text-align: center;font-family:Roboto;font-weight:400;font-style:normal\" >Potassium TS 500<\/h5><\/div><div class=\"vc_btn3-container vc_btn3-center\"><a class=\"vc_general vc_btn3 vc_btn3-size-xs vc_btn3-shape-round vc_btn3-style-flat vc_btn3-color-green\" a href=\"https:\/\/agria-group.com.tn\/en\/potassium-ts-500\/\" title=\"See details\" onclick=\"onclick=&quot;self.location.href=&#039;\/\/b633900\/Partage\/A classer&#039;&quot;\">See details<\/a><\/div><\/div><\/div><\/div><\/div><\/div><div class=\"vc_clearfix\"><\/div><\/div><div class=\"vc_grid-item vc_clearfix vc_col-sm-2 vc_grid-item-zone-c-bottom\"><div class=\"vc_grid-item-mini vc_clearfix  vc_custom_1594467059891\"><div class=\"vc_gitem-animated-block\" ><div class=\"vc_gitem-zone vc_gitem-zone-a vc_gitem-is-link\" style=\"background-image: url('https:\/\/agria-group.com.tn\/wp-content\/uploads\/2020\/07\/Colt@2x-251x300.png') !important;\"><a href=\"https:\/\/agria-group.com.tn\/en\/colt-0-45-55\/\" title=\"Colt 0.45.55\" class=\"vc_gitem-link vc-zone-link\" ><\/a><img src=\"https:\/\/agria-group.com.tn\/wp-content\/uploads\/2020\/07\/Colt@2x-251x300.png\" class=\"vc_gitem-zone-img\" alt=\"Colt 0.45.55\"><div class=\"vc_gitem-zone-mini\"><\/div><\/div><\/div><div class=\"vc_gitem-zone vc_gitem-zone-c\"><div class=\"vc_gitem-zone-mini\"><div class=\"vc_gitem_row vc_row vc_gitem-row-position-top\"><div class=\"vc_col-sm-12 vc_gitem-col vc_gitem-col-align-\"><div class=\"vc_custom_heading vc_gitem-post-data vc_gitem-post-data-source-post_title\" ><h5 style=\"font-size: 17px;color: #5e5e5e;text-align: center;font-family:Roboto;font-weight:400;font-style:normal\" >Colt 0.45.55<\/h5><\/div><div class=\"vc_btn3-container vc_btn3-center\"><a class=\"vc_general vc_btn3 vc_btn3-size-xs vc_btn3-shape-round vc_btn3-style-flat vc_btn3-color-green\" a href=\"https:\/\/agria-group.com.tn\/en\/colt-0-45-55\/\" title=\"See details\" onclick=\"onclick=&quot;self.location.href=&#039;\/\/b633900\/Partage\/A classer&#039;&quot;\">See details<\/a><\/div><\/div><\/div><\/div><\/div><\/div><div class=\"vc_clearfix\"><\/div><\/div><div class=\"vc_grid-item vc_clearfix vc_col-sm-2 vc_grid-item-zone-c-bottom\"><div class=\"vc_grid-item-mini vc_clearfix  vc_custom_1594467059891\"><div class=\"vc_gitem-animated-block\" ><div class=\"vc_gitem-zone vc_gitem-zone-a vc_gitem-is-link\" style=\"background-image: url('https:\/\/agria-group.com.tn\/wp-content\/uploads\/2020\/07\/brixamin@2x-251x300.png') !important;\"><a href=\"https:\/\/agria-group.com.tn\/en\/brixamine-40\/\" title=\"Brixamine 40\" class=\"vc_gitem-link vc-zone-link\" ><\/a><img src=\"https:\/\/agria-group.com.tn\/wp-content\/uploads\/2020\/07\/brixamin@2x-251x300.png\" class=\"vc_gitem-zone-img\" alt=\"Brixamine 40\"><div class=\"vc_gitem-zone-mini\"><\/div><\/div><\/div><div class=\"vc_gitem-zone vc_gitem-zone-c\"><div class=\"vc_gitem-zone-mini\"><div class=\"vc_gitem_row vc_row vc_gitem-row-position-top\"><div class=\"vc_col-sm-12 vc_gitem-col vc_gitem-col-align-\"><div class=\"vc_custom_heading vc_gitem-post-data vc_gitem-post-data-source-post_title\" ><h5 style=\"font-size: 17px;color: #5e5e5e;text-align: center;font-family:Roboto;font-weight:400;font-style:normal\" >Brixamine 40<\/h5><\/div><div class=\"vc_btn3-container vc_btn3-center\"><a class=\"vc_general vc_btn3 vc_btn3-size-xs vc_btn3-shape-round vc_btn3-style-flat vc_btn3-color-green\" a href=\"https:\/\/agria-group.com.tn\/en\/brixamine-40\/\" title=\"See details\" onclick=\"onclick=&quot;self.location.href=&#039;\/\/b633900\/Partage\/A classer&#039;&quot;\">See details<\/a><\/div><\/div><\/div><\/div><\/div><\/div><div class=\"vc_clearfix\"><\/div><\/div><div class=\"vc_grid-item vc_clearfix vc_col-sm-2 vc_grid-item-zone-c-bottom\"><div class=\"vc_grid-item-mini vc_clearfix  vc_custom_1594467059891\"><div class=\"vc_gitem-animated-block\" ><div class=\"vc_gitem-zone vc_gitem-zone-a vc_gitem-is-link\" style=\"background-image: url('https:\/\/agria-group.com.tn\/wp-content\/uploads\/2020\/07\/black-dap@2x-251x300.png') !important;\"><a href=\"https:\/\/agria-group.com.tn\/en\/black-dap\/\" title=\"Black DAP\" class=\"vc_gitem-link vc-zone-link\" ><\/a><img src=\"https:\/\/agria-group.com.tn\/wp-content\/uploads\/2020\/07\/black-dap@2x-251x300.png\" class=\"vc_gitem-zone-img\" alt=\"Black DAP\"><div class=\"vc_gitem-zone-mini\"><\/div><\/div><\/div><div class=\"vc_gitem-zone vc_gitem-zone-c\"><div class=\"vc_gitem-zone-mini\"><div class=\"vc_gitem_row vc_row vc_gitem-row-position-top\"><div class=\"vc_col-sm-12 vc_gitem-col vc_gitem-col-align-\"><div class=\"vc_custom_heading vc_gitem-post-data vc_gitem-post-data-source-post_title\" ><h5 style=\"font-size: 17px;color: #5e5e5e;text-align: center;font-family:Roboto;font-weight:400;font-style:normal\" >Black DAP<\/h5><\/div><div class=\"vc_btn3-container vc_btn3-center\"><a class=\"vc_general vc_btn3 vc_btn3-size-xs vc_btn3-shape-round vc_btn3-style-flat vc_btn3-color-green\" a href=\"https:\/\/agria-group.com.tn\/en\/black-dap\/\" title=\"See details\" onclick=\"onclick=&quot;self.location.href=&#039;\/\/b633900\/Partage\/A classer&#039;&quot;\">See details<\/a><\/div><\/div><\/div><\/div><\/div><\/div><div class=\"vc_clearfix\"><\/div><\/div><div class=\"vc_grid-item vc_clearfix vc_col-sm-2 vc_grid-item-zone-c-bottom\"><div class=\"vc_grid-item-mini vc_clearfix  vc_custom_1594467059891\"><div class=\"vc_gitem-animated-block\" ><div class=\"vc_gitem-zone vc_gitem-zone-a vc_gitem-is-link\" style=\"background-image: url('https:\/\/agria-group.com.tn\/wp-content\/uploads\/2020\/07\/Black-power@2x-251x300.png') !important;\"><a href=\"https:\/\/agria-group.com.tn\/en\/black-power\/\" title=\"Black Power\" class=\"vc_gitem-link vc-zone-link\" ><\/a><img src=\"https:\/\/agria-group.com.tn\/wp-content\/uploads\/2020\/07\/Black-power@2x-251x300.png\" class=\"vc_gitem-zone-img\" alt=\"Black Power\"><div class=\"vc_gitem-zone-mini\"><\/div><\/div><\/div><div class=\"vc_gitem-zone vc_gitem-zone-c\"><div class=\"vc_gitem-zone-mini\"><div class=\"vc_gitem_row vc_row vc_gitem-row-position-top\"><div class=\"vc_col-sm-12 vc_gitem-col vc_gitem-col-align-\"><div class=\"vc_custom_heading vc_gitem-post-data vc_gitem-post-data-source-post_title\" ><h5 style=\"font-size: 17px;color: #5e5e5e;text-align: center;font-family:Roboto;font-weight:400;font-style:normal\" >Black Power<\/h5><\/div><div class=\"vc_btn3-container vc_btn3-center\"><a class=\"vc_general vc_btn3 vc_btn3-size-xs vc_btn3-shape-round vc_btn3-style-flat vc_btn3-color-green\" a href=\"https:\/\/agria-group.com.tn\/en\/black-power\/\" title=\"See details\" onclick=\"onclick=&quot;self.location.href=&#039;\/\/b633900\/Partage\/A classer&#039;&quot;\">See details<\/a><\/div><\/div><\/div><\/div><\/div><\/div><div class=\"vc_clearfix\"><\/div><\/div><div class=\"vc_grid-item vc_clearfix vc_col-sm-2 vc_grid-item-zone-c-bottom\"><div class=\"vc_grid-item-mini vc_clearfix  vc_custom_1594467059891\"><div class=\"vc_gitem-animated-block\" ><div class=\"vc_gitem-zone vc_gitem-zone-a vc_gitem-is-link\" style=\"background-image: url('https:\/\/agria-group.com.tn\/wp-content\/uploads\/2020\/07\/Fertigrow@2x-251x300.png') !important;\"><a href=\"https:\/\/agria-group.com.tn\/en\/fertigrow\/\" title=\"Fertigrow\" class=\"vc_gitem-link vc-zone-link\" ><\/a><img src=\"https:\/\/agria-group.com.tn\/wp-content\/uploads\/2020\/07\/Fertigrow@2x-251x300.png\" class=\"vc_gitem-zone-img\" alt=\"Fertigrow\"><div class=\"vc_gitem-zone-mini\"><\/div><\/div><\/div><div class=\"vc_gitem-zone vc_gitem-zone-c\"><div class=\"vc_gitem-zone-mini\"><div class=\"vc_gitem_row vc_row vc_gitem-row-position-top\"><div class=\"vc_col-sm-12 vc_gitem-col vc_gitem-col-align-\"><div class=\"vc_custom_heading vc_gitem-post-data vc_gitem-post-data-source-post_title\" ><h5 style=\"font-size: 17px;color: #5e5e5e;text-align: center;font-family:Roboto;font-weight:400;font-style:normal\" >Fertigrow<\/h5><\/div><div class=\"vc_btn3-container vc_btn3-center\"><a class=\"vc_general vc_btn3 vc_btn3-size-xs vc_btn3-shape-round vc_btn3-style-flat vc_btn3-color-green\" a href=\"https:\/\/agria-group.com.tn\/en\/fertigrow\/\" title=\"See details\" onclick=\"onclick=&quot;self.location.href=&#039;\/\/b633900\/Partage\/A classer&#039;&quot;\">See details<\/a><\/div><\/div><\/div><\/div><\/div><\/div><div class=\"vc_clearfix\"><\/div><\/div><div class=\"vc_grid-item vc_clearfix vc_col-sm-2 vc_grid-item-zone-c-bottom\"><div class=\"vc_grid-item-mini vc_clearfix  vc_custom_1594467059891\"><div class=\"vc_gitem-animated-block\" ><div class=\"vc_gitem-zone vc_gitem-zone-a vc_gitem-is-link\" style=\"background-image: url('https:\/\/agria-group.com.tn\/wp-content\/uploads\/2020\/07\/Agrifol@2x-251x300.png') !important;\"><a href=\"https:\/\/agria-group.com.tn\/en\/agrifol\/\" title=\"Agrifol\" class=\"vc_gitem-link vc-zone-link\" ><\/a><img src=\"https:\/\/agria-group.com.tn\/wp-content\/uploads\/2020\/07\/Agrifol@2x-251x300.png\" class=\"vc_gitem-zone-img\" alt=\"Agrifol\"><div class=\"vc_gitem-zone-mini\"><\/div><\/div><\/div><div class=\"vc_gitem-zone vc_gitem-zone-c\"><div class=\"vc_gitem-zone-mini\"><div class=\"vc_gitem_row vc_row vc_gitem-row-position-top\"><div class=\"vc_col-sm-12 vc_gitem-col vc_gitem-col-align-\"><div class=\"vc_custom_heading vc_gitem-post-data vc_gitem-post-data-source-post_title\" ><h5 style=\"font-size: 17px;color: #5e5e5e;text-align: center;font-family:Roboto;font-weight:400;font-style:normal\" >Agrifol<\/h5><\/div><div class=\"vc_btn3-container vc_btn3-center\"><a class=\"vc_general vc_btn3 vc_btn3-size-xs vc_btn3-shape-round vc_btn3-style-flat vc_btn3-color-green\" a href=\"https:\/\/agria-group.com.tn\/en\/agrifol\/\" title=\"See details\" onclick=\"onclick=&quot;self.location.href=&#039;\/\/b633900\/Partage\/A classer&#039;&quot;\">See details<\/a><\/div><\/div><\/div><\/div><\/div><\/div><div class=\"vc_clearfix\"><\/div><\/div><div class=\"vc_grid-item vc_clearfix vc_col-sm-2 vc_grid-item-zone-c-bottom\"><div class=\"vc_grid-item-mini vc_clearfix  vc_custom_1594467059891\"><div class=\"vc_gitem-animated-block\" ><div class=\"vc_gitem-zone vc_gitem-zone-a vc_gitem-is-link\" style=\"background-image: url('https:\/\/agria-group.com.tn\/wp-content\/uploads\/2020\/07\/Magnum@2x-251x300.png') !important;\"><a href=\"https:\/\/agria-group.com.tn\/en\/magnum-l-45\/\" title=\"Magnum L. 45\" class=\"vc_gitem-link vc-zone-link\" ><\/a><img src=\"https:\/\/agria-group.com.tn\/wp-content\/uploads\/2020\/07\/Magnum@2x-251x300.png\" class=\"vc_gitem-zone-img\" alt=\"Magnum L.45\"><div class=\"vc_gitem-zone-mini\"><\/div><\/div><\/div><div class=\"vc_gitem-zone vc_gitem-zone-c\"><div class=\"vc_gitem-zone-mini\"><div class=\"vc_gitem_row vc_row vc_gitem-row-position-top\"><div class=\"vc_col-sm-12 vc_gitem-col vc_gitem-col-align-\"><div class=\"vc_custom_heading vc_gitem-post-data vc_gitem-post-data-source-post_title\" ><h5 style=\"font-size: 17px;color: #5e5e5e;text-align: center;font-family:Roboto;font-weight:400;font-style:normal\" >Magnum L. 45<\/h5><\/div><div class=\"vc_btn3-container vc_btn3-center\"><a class=\"vc_general vc_btn3 vc_btn3-size-xs vc_btn3-shape-round vc_btn3-style-flat vc_btn3-color-green\" a href=\"https:\/\/agria-group.com.tn\/en\/magnum-l-45\/\" title=\"See details\" onclick=\"onclick=&quot;self.location.href=&#039;\/\/b633900\/Partage\/A classer&#039;&quot;\">See details<\/a><\/div><\/div><\/div><\/div><\/div><\/div><div class=\"vc_clearfix\"><\/div><\/div><div class=\"vc_grid-item vc_clearfix vc_col-sm-2 vc_grid-item-zone-c-bottom\"><div class=\"vc_grid-item-mini vc_clearfix  vc_custom_1594467059891\"><div class=\"vc_gitem-animated-block\" ><div class=\"vc_gitem-zone vc_gitem-zone-a vc_gitem-is-link\" style=\"background-image: url('https:\/\/agria-group.com.tn\/wp-content\/uploads\/2020\/07\/Anitros@2x-251x300.png') !important;\"><a href=\"https:\/\/agria-group.com.tn\/en\/anitros\/\" title=\"Anitros\" class=\"vc_gitem-link vc-zone-link\" ><\/a><img src=\"https:\/\/agria-group.com.tn\/wp-content\/uploads\/2020\/07\/Anitros@2x-251x300.png\" class=\"vc_gitem-zone-img\" alt=\"Anitros\"><div class=\"vc_gitem-zone-mini\"><\/div><\/div><\/div><div class=\"vc_gitem-zone vc_gitem-zone-c\"><div class=\"vc_gitem-zone-mini\"><div class=\"vc_gitem_row vc_row vc_gitem-row-position-top\"><div class=\"vc_col-sm-12 vc_gitem-col vc_gitem-col-align-\"><div class=\"vc_custom_heading vc_gitem-post-data vc_gitem-post-data-source-post_title\" ><h5 style=\"font-size: 17px;color: #5e5e5e;text-align: center;font-family:Roboto;font-weight:400;font-style:normal\" >Anitros<\/h5><\/div><div class=\"vc_btn3-container vc_btn3-center\"><a class=\"vc_general vc_btn3 vc_btn3-size-xs vc_btn3-shape-round vc_btn3-style-flat vc_btn3-color-green\" a href=\"https:\/\/agria-group.com.tn\/en\/anitros\/\" title=\"See details\" onclick=\"onclick=&quot;self.location.href=&#039;\/\/b633900\/Partage\/A classer&#039;&quot;\">See details<\/a><\/div><\/div><\/div><\/div><\/div><\/div><div class=\"vc_clearfix\"><\/div><\/div><div class=\"vc_grid-item vc_clearfix vc_col-sm-2 vc_grid-item-zone-c-bottom\"><div class=\"vc_grid-item-mini vc_clearfix  vc_custom_1594467059891\"><div class=\"vc_gitem-animated-block\" ><div class=\"vc_gitem-zone vc_gitem-zone-a vc_gitem-is-link\" style=\"background-image: url('https:\/\/agria-group.com.tn\/wp-content\/uploads\/2020\/07\/Urea@2x-251x300.png') !important;\"><a href=\"https:\/\/agria-group.com.tn\/en\/urea-n27\/\" title=\"Urea N27\" class=\"vc_gitem-link vc-zone-link\" ><\/a><img src=\"https:\/\/agria-group.com.tn\/wp-content\/uploads\/2020\/07\/Urea@2x-251x300.png\" class=\"vc_gitem-zone-img\" alt=\"Urea N27\"><div class=\"vc_gitem-zone-mini\"><\/div><\/div><\/div><div class=\"vc_gitem-zone vc_gitem-zone-c\"><div class=\"vc_gitem-zone-mini\"><div class=\"vc_gitem_row vc_row vc_gitem-row-position-top\"><div class=\"vc_col-sm-12 vc_gitem-col vc_gitem-col-align-\"><div class=\"vc_custom_heading vc_gitem-post-data vc_gitem-post-data-source-post_title\" ><h5 style=\"font-size: 17px;color: #5e5e5e;text-align: center;font-family:Roboto;font-weight:400;font-style:normal\" >Urea N27<\/h5><\/div><div class=\"vc_btn3-container vc_btn3-center\"><a class=\"vc_general vc_btn3 vc_btn3-size-xs vc_btn3-shape-round vc_btn3-style-flat vc_btn3-color-green\" a href=\"https:\/\/agria-group.com.tn\/en\/urea-n27\/\" title=\"See details\" onclick=\"onclick=&quot;self.location.href=&#039;\/\/b633900\/Partage\/A classer&#039;&quot;\">See details<\/a><\/div><\/div><\/div><\/div><\/div><\/div><div class=\"vc_clearfix\"><\/div><\/div><div class=\"vc_grid-item vc_clearfix vc_col-sm-2 vc_grid-item-zone-c-bottom\"><div class=\"vc_grid-item-mini vc_clearfix  vc_custom_1594467059891\"><div class=\"vc_gitem-animated-block\" ><div class=\"vc_gitem-zone vc_gitem-zone-a vc_gitem-is-link\" style=\"background-image: url('https:\/\/agria-group.com.tn\/wp-content\/uploads\/2020\/07\/Trioazote@2x-251x300.png') !important;\"><a href=\"https:\/\/agria-group.com.tn\/en\/trioazote\/\" title=\"Trioazote\" class=\"vc_gitem-link vc-zone-link\" ><\/a><img src=\"https:\/\/agria-group.com.tn\/wp-content\/uploads\/2020\/07\/Trioazote@2x-251x300.png\" class=\"vc_gitem-zone-img\" alt=\"Trioazote\"><div class=\"vc_gitem-zone-mini\"><\/div><\/div><\/div><div class=\"vc_gitem-zone vc_gitem-zone-c\"><div class=\"vc_gitem-zone-mini\"><div class=\"vc_gitem_row vc_row vc_gitem-row-position-top\"><div class=\"vc_col-sm-12 vc_gitem-col vc_gitem-col-align-\"><div class=\"vc_custom_heading vc_gitem-post-data vc_gitem-post-data-source-post_title\" ><h5 style=\"font-size: 17px;color: #5e5e5e;text-align: center;font-family:Roboto;font-weight:400;font-style:normal\" >Trioazote<\/h5><\/div><div class=\"vc_btn3-container vc_btn3-center\"><a class=\"vc_general vc_btn3 vc_btn3-size-xs vc_btn3-shape-round vc_btn3-style-flat vc_btn3-color-green\" a href=\"https:\/\/agria-group.com.tn\/en\/trioazote\/\" title=\"See details\" onclick=\"onclick=&quot;self.location.href=&#039;\/\/b633900\/Partage\/A classer&#039;&quot;\">See details<\/a><\/div><\/div><\/div><\/div><\/div><\/div><div class=\"vc_clearfix\"><\/div><\/div><\/div><\/div>\n\t<\/div>\n<\/div><div class=\"vc_separator wpb_content_element vc_separator_align_center vc_sep_width_100 vc_sep_pos_align_center vc_separator_no_text vc_sep_color_green\" ><span class=\"vc_sep_holder vc_sep_holder_l\"><span class=\"vc_sep_line\"><\/span><\/span><span class=\"vc_sep_holder vc_sep_holder_r\"><span class=\"vc_sep_line\"><\/span><\/span>\n<\/div><\/div><\/div><\/div><\/div>\n<\/section>","protected":false},"excerpt":{"rendered":"PotagrosseVoir d\u00e9tailsPotassium TS 500Voir d\u00e9tailsColt 0.45.55Voir d\u00e9tailsBrixamine 40Voir d\u00e9tailsBlack DAPVoir d\u00e9tailsBlack PowerVoir d\u00e9tailsFertigrowVoir d\u00e9tailsAgrifolVoir d\u00e9tailsMagnum L.45Voir d\u00e9tailsAnitrosVoir d\u00e9tailsUrea N27Voir d\u00e9tailsTrioazoteVoir d\u00e9tails","protected":false},"author":1,"featured_media":0,"parent":0,"menu_order":0,"comment_status":"closed","ping_status":"closed","template":"","meta":[],"acf":[],"_links":{"self":[{"href":"https:\/\/agria-group.com.tn\/en\/wp-json\/wp\/v2\/pages\/4516"}],"collection":[{"href":"https:\/\/agria-group.com.tn\/en\/wp-json\/wp\/v2\/pages"}],"about":[{"href":"https:\/\/agria-group.com.tn\/en\/wp-json\/wp\/v2\/types\/page"}],"author":[{"embeddable":true,"href":"https:\/\/agria-group.com.tn\/en\/wp-json\/wp\/v2\/users\/1"}],"replies":[{"embeddable":true,"href":"https:\/\/agria-group.com.tn\/en\/wp-json\/wp\/v2\/comments?post=4516"}],"version-history":[{"count":8,"href":"https:\/\/agria-group.com.tn\/en\/wp-json\/wp\/v2\/pages\/4516\/revisions"}],"predecessor-version":[{"id":5303,"href":"https:\/\/agria-group.com.tn\/en\/wp-json\/wp\/v2\/pages\/4516\/revisions\/5303"}],"wp:attachment":[{"href":"https:\/\/agria-group.com.tn\/en\/wp-json\/wp\/v2\/media?parent=4516"}],"curies":[{"name":"wp","href":"https:\/\/api.w.org\/{rel}","templated":true}]}}