{"id":3774,"date":"2019-05-30T12:53:48","date_gmt":"2019-05-30T10:53:48","guid":{"rendered":"https:\/\/agria-group.com.tn\/?page_id=3774"},"modified":"2023-07-11T11:42:29","modified_gmt":"2023-07-11T11:42:29","slug":"engrais-organiques","status":"publish","type":"page","link":"https:\/\/agria-group.com.tn\/en\/engrais-organiques\/","title":{"rendered":"Organic fertilizers"},"content":{"rendered":"<section class=\"wpb-content-wrapper\"><div class=\"vc_row wpb_row vc_row-fluid\"><div class=\"wpb_column vc_column_container vc_col-sm-12\"><div class=\"vc_column-inner vc_custom_1582189973714\"><div class=\"wpb_wrapper\">\n<div class=\"vc_grid-container-wrapper vc_clearfix vc_grid-animation-pulse\">\n\t<div class=\"vc_grid-container vc_clearfix wpb_content_element vc_basic_grid vc_custom_1595328993636\" data-initial-loading-animation=\"pulse\" data-vc-grid-settings=\"{&quot;page_id&quot;:3774,&quot;style&quot;:&quot;all&quot;,&quot;action&quot;:&quot;vc_get_vc_grid_data&quot;,&quot;shortcode_id&quot;:&quot;1595328023703-ac6ad027ee5a5885e07893c97d3f778a-4&quot;,&quot;tag&quot;:&quot;vc_basic_grid&quot;}\" data-vc-request=\"https:\/\/agria-group.com.tn\/wp-admin\/admin-ajax.php\" data-vc-post-id=\"3774\" data-vc-public-nonce=\"a0edaeda8e\">\n\t\t<style data-type=\"vc_shortcodes-custom-css\">.vc_custom_1594467059891{border-top-width: 1px !important;border-right-width: 1px !important;border-bottom-width: 1px !important;border-left-width: 1px !important;border-left-color: #82ab1c !important;border-left-style: solid !important;border-right-color: #82ab1c !important;border-right-style: solid !important;border-top-color: #82ab1c !important;border-top-style: solid !important;border-bottom-color: #82ab1c !important;border-bottom-style: solid !important;border-radius: 1px !important;}<\/style><div class=\"vc_grid vc_row vc_grid-gutter-15px vc_pageable-wrapper vc_hook_hover\" data-vc-pageable-content=\"true\"><div class=\"vc_pageable-slide-wrapper vc_clearfix\" data-vc-grid-content=\"true\"><div class=\"vc_grid-item vc_clearfix vc_col-sm-2 vc_grid-item-zone-c-bottom\"><div class=\"vc_grid-item-mini vc_clearfix  vc_custom_1594467059891\"><div class=\"vc_gitem-animated-block\" ><div class=\"vc_gitem-zone vc_gitem-zone-a vc_gitem-is-link\" style=\"background-image: url('https:\/\/agria-group.com.tn\/wp-content\/uploads\/2023\/07\/PHOTO-SITE-organser-_Plan-de-travail-1-251x300.png') !important;\"><a href=\"https:\/\/agria-group.com.tn\/en\/organser\/\" title=\"Organser\" class=\"vc_gitem-link vc-zone-link\" ><\/a><img src=\"https:\/\/agria-group.com.tn\/wp-content\/uploads\/2023\/07\/PHOTO-SITE-organser-_Plan-de-travail-1-251x300.png\" class=\"vc_gitem-zone-img\" alt=\"Organser\"><div class=\"vc_gitem-zone-mini\"><\/div><\/div><\/div><div class=\"vc_gitem-zone vc_gitem-zone-c\"><div class=\"vc_gitem-zone-mini\"><div class=\"vc_gitem_row vc_row vc_gitem-row-position-top\"><div class=\"vc_col-sm-12 vc_gitem-col vc_gitem-col-align-\"><div class=\"vc_custom_heading vc_gitem-post-data vc_gitem-post-data-source-post_title\" ><h5 style=\"font-size: 17px;color: #5e5e5e;text-align: center;font-family:Roboto;font-weight:400;font-style:normal\" >Organser<\/h5><\/div><div class=\"vc_btn3-container vc_btn3-center\"><a class=\"vc_general vc_btn3 vc_btn3-size-xs vc_btn3-shape-round vc_btn3-style-flat vc_btn3-color-green\" a href=\"https:\/\/agria-group.com.tn\/en\/organser\/\" title=\"See details\" onclick=\"onclick=&quot;self.location.href=&#039;\/\/b633900\/Partage\/A classer&#039;&quot;\">See details<\/a><\/div><\/div><\/div><\/div><\/div><\/div><div class=\"vc_clearfix\"><\/div><\/div><div class=\"vc_grid-item vc_clearfix vc_col-sm-2 vc_grid-item-zone-c-bottom\"><div class=\"vc_grid-item-mini vc_clearfix  vc_custom_1594467059891\"><div class=\"vc_gitem-animated-block\" ><div class=\"vc_gitem-zone vc_gitem-zone-a vc_gitem-is-link\" style=\"background-image: url('https:\/\/agria-group.com.tn\/wp-content\/uploads\/2020\/07\/Fulvimic@2x-251x300.png') !important;\"><a href=\"https:\/\/agria-group.com.tn\/en\/fulvimic\/\" title=\"Fulvimic\" class=\"vc_gitem-link vc-zone-link\" ><\/a><img src=\"https:\/\/agria-group.com.tn\/wp-content\/uploads\/2020\/07\/Fulvimic@2x-251x300.png\" class=\"vc_gitem-zone-img\" alt=\"Fulvimic\"><div class=\"vc_gitem-zone-mini\"><\/div><\/div><\/div><div class=\"vc_gitem-zone vc_gitem-zone-c\"><div class=\"vc_gitem-zone-mini\"><div class=\"vc_gitem_row vc_row vc_gitem-row-position-top\"><div class=\"vc_col-sm-12 vc_gitem-col vc_gitem-col-align-\"><div class=\"vc_custom_heading vc_gitem-post-data vc_gitem-post-data-source-post_title\" ><h5 style=\"font-size: 17px;color: #5e5e5e;text-align: center;font-family:Roboto;font-weight:400;font-style:normal\" >Fulvimic<\/h5><\/div><div class=\"vc_btn3-container vc_btn3-center\"><a class=\"vc_general vc_btn3 vc_btn3-size-xs vc_btn3-shape-round vc_btn3-style-flat vc_btn3-color-green\" a href=\"https:\/\/agria-group.com.tn\/en\/fulvimic\/\" title=\"See details\" onclick=\"onclick=&quot;self.location.href=&#039;\/\/b633900\/Partage\/A classer&#039;&quot;\">See details<\/a><\/div><\/div><\/div><\/div><\/div><\/div><div class=\"vc_clearfix\"><\/div><\/div><div class=\"vc_grid-item vc_clearfix vc_col-sm-2 vc_grid-item-zone-c-bottom\"><div class=\"vc_grid-item-mini vc_clearfix  vc_custom_1594467059891\"><div class=\"vc_gitem-animated-block\" ><div class=\"vc_gitem-zone vc_gitem-zone-a vc_gitem-is-link\" style=\"background-image: url('https:\/\/agria-group.com.tn\/wp-content\/uploads\/2020\/07\/Fulvimic-gran@2x-251x300.png') !important;\"><a href=\"https:\/\/agria-group.com.tn\/en\/fulvimic-granule\/\" title=\"Fulvimic Granulated\" class=\"vc_gitem-link vc-zone-link\" ><\/a><img src=\"https:\/\/agria-group.com.tn\/wp-content\/uploads\/2020\/07\/Fulvimic-gran@2x-251x300.png\" class=\"vc_gitem-zone-img\" alt=\"Fulvimic Granul\u00e9\"><div class=\"vc_gitem-zone-mini\"><\/div><\/div><\/div><div class=\"vc_gitem-zone vc_gitem-zone-c\"><div class=\"vc_gitem-zone-mini\"><div class=\"vc_gitem_row vc_row vc_gitem-row-position-top\"><div class=\"vc_col-sm-12 vc_gitem-col vc_gitem-col-align-\"><div class=\"vc_custom_heading vc_gitem-post-data vc_gitem-post-data-source-post_title\" ><h5 style=\"font-size: 17px;color: #5e5e5e;text-align: center;font-family:Roboto;font-weight:400;font-style:normal\" >Fulvimic Granulated<\/h5><\/div><div class=\"vc_btn3-container vc_btn3-center\"><a class=\"vc_general vc_btn3 vc_btn3-size-xs vc_btn3-shape-round vc_btn3-style-flat vc_btn3-color-green\" a href=\"https:\/\/agria-group.com.tn\/en\/fulvimic-granule\/\" title=\"See details\" onclick=\"onclick=&quot;self.location.href=&#039;\/\/b633900\/Partage\/A classer&#039;&quot;\">See details<\/a><\/div><\/div><\/div><\/div><\/div><\/div><div class=\"vc_clearfix\"><\/div><\/div><div class=\"vc_grid-item vc_clearfix vc_col-sm-2 vc_grid-item-zone-c-bottom\"><div class=\"vc_grid-item-mini vc_clearfix  vc_custom_1594467059891\"><div class=\"vc_gitem-animated-block\" ><div class=\"vc_gitem-zone vc_gitem-zone-a vc_gitem-is-link\" style=\"background-image: url('https:\/\/agria-group.com.tn\/wp-content\/uploads\/2023\/06\/PHOTO-SITE-organos-_Plan-de-travail-1-251x300.png') !important;\"><a href=\"https:\/\/agria-group.com.tn\/en\/organos\/\" title=\"OrganoS\" class=\"vc_gitem-link vc-zone-link\" ><\/a><img src=\"https:\/\/agria-group.com.tn\/wp-content\/uploads\/2023\/06\/PHOTO-SITE-organos-_Plan-de-travail-1-251x300.png\" class=\"vc_gitem-zone-img\" alt=\"OrganoS\"><div class=\"vc_gitem-zone-mini\"><\/div><\/div><\/div><div class=\"vc_gitem-zone vc_gitem-zone-c\"><div class=\"vc_gitem-zone-mini\"><div class=\"vc_gitem_row vc_row vc_gitem-row-position-top\"><div class=\"vc_col-sm-12 vc_gitem-col vc_gitem-col-align-\"><div class=\"vc_custom_heading vc_gitem-post-data vc_gitem-post-data-source-post_title\" ><h5 style=\"font-size: 17px;color: #5e5e5e;text-align: center;font-family:Roboto;font-weight:400;font-style:normal\" >OrganoS<\/h5><\/div><div class=\"vc_btn3-container vc_btn3-center\"><a class=\"vc_general vc_btn3 vc_btn3-size-xs vc_btn3-shape-round vc_btn3-style-flat vc_btn3-color-green\" a href=\"https:\/\/agria-group.com.tn\/en\/organos\/\" title=\"See details\" onclick=\"onclick=&quot;self.location.href=&#039;\/\/b633900\/Partage\/A classer&#039;&quot;\">See details<\/a><\/div><\/div><\/div><\/div><\/div><\/div><div class=\"vc_clearfix\"><\/div><\/div><div class=\"vc_grid-item vc_clearfix vc_col-sm-2 vc_grid-item-zone-c-bottom\"><div class=\"vc_grid-item-mini vc_clearfix  vc_custom_1594467059891\"><div class=\"vc_gitem-animated-block\" ><div class=\"vc_gitem-zone vc_gitem-zone-a vc_gitem-is-link\" style=\"background-image: url('https:\/\/agria-group.com.tn\/wp-content\/uploads\/2023\/06\/humitec-_Plan-de-travail-1-251x300.png') !important;\"><a href=\"https:\/\/agria-group.com.tn\/en\/humitec-20\/\" title=\"Humitec 20\" class=\"vc_gitem-link vc-zone-link\" ><\/a><img src=\"https:\/\/agria-group.com.tn\/wp-content\/uploads\/2023\/06\/humitec-_Plan-de-travail-1-251x300.png\" class=\"vc_gitem-zone-img\" alt=\"Humitec 20\"><div class=\"vc_gitem-zone-mini\"><\/div><\/div><\/div><div class=\"vc_gitem-zone vc_gitem-zone-c\"><div class=\"vc_gitem-zone-mini\"><div class=\"vc_gitem_row vc_row vc_gitem-row-position-top\"><div class=\"vc_col-sm-12 vc_gitem-col vc_gitem-col-align-\"><div class=\"vc_custom_heading vc_gitem-post-data vc_gitem-post-data-source-post_title\" ><h5 style=\"font-size: 17px;color: #5e5e5e;text-align: center;font-family:Roboto;font-weight:400;font-style:normal\" >Humitec 20<\/h5><\/div><div class=\"vc_btn3-container vc_btn3-center\"><a class=\"vc_general vc_btn3 vc_btn3-size-xs vc_btn3-shape-round vc_btn3-style-flat vc_btn3-color-green\" a href=\"https:\/\/agria-group.com.tn\/en\/humitec-20\/\" title=\"See details\" onclick=\"onclick=&quot;self.location.href=&#039;\/\/b633900\/Partage\/A classer&#039;&quot;\">See details<\/a><\/div><\/div><\/div><\/div><\/div><\/div><div class=\"vc_clearfix\"><\/div><\/div><\/div><\/div>\n\t<\/div>\n<\/div><\/div><\/div><\/div><\/div><div class=\"vc_row wpb_row vc_row-fluid\"><div class=\"wpb_column vc_column_container vc_col-sm-12\"><div class=\"vc_column-inner\"><div class=\"wpb_wrapper\"><div class=\"vc_separator wpb_content_element vc_separator_align_center vc_sep_width_100 vc_sep_pos_align_center vc_separator_no_text vc_sep_color_green\" ><span class=\"vc_sep_holder vc_sep_holder_l\"><span class=\"vc_sep_line\"><\/span><\/span><span class=\"vc_sep_holder vc_sep_holder_r\"><span class=\"vc_sep_line\"><\/span><\/span>\n<\/div><\/div><\/div><\/div><\/div>\n<\/section>","protected":false},"excerpt":{"rendered":"OrganserVoir d\u00e9tailsFulvimicVoir d\u00e9tailsFulvimic Granul\u00e9Voir d\u00e9tailsOrganoSVoir d\u00e9tailsHumitec 20Voir d\u00e9tails","protected":false},"author":1,"featured_media":0,"parent":0,"menu_order":0,"comment_status":"closed","ping_status":"closed","template":"","meta":[],"acf":[],"_links":{"self":[{"href":"https:\/\/agria-group.com.tn\/en\/wp-json\/wp\/v2\/pages\/3774"}],"collection":[{"href":"https:\/\/agria-group.com.tn\/en\/wp-json\/wp\/v2\/pages"}],"about":[{"href":"https:\/\/agria-group.com.tn\/en\/wp-json\/wp\/v2\/types\/page"}],"author":[{"embeddable":true,"href":"https:\/\/agria-group.com.tn\/en\/wp-json\/wp\/v2\/users\/1"}],"replies":[{"embeddable":true,"href":"https:\/\/agria-group.com.tn\/en\/wp-json\/wp\/v2\/comments?post=3774"}],"version-history":[{"count":20,"href":"https:\/\/agria-group.com.tn\/en\/wp-json\/wp\/v2\/pages\/3774\/revisions"}],"predecessor-version":[{"id":6478,"href":"https:\/\/agria-group.com.tn\/en\/wp-json\/wp\/v2\/pages\/3774\/revisions\/6478"}],"wp:attachment":[{"href":"https:\/\/agria-group.com.tn\/en\/wp-json\/wp\/v2\/media?parent=3774"}],"curies":[{"name":"wp","href":"https:\/\/api.w.org\/{rel}","templated":true}]}}